{"id":20,"date":"2019-07-24T14:30:51","date_gmt":"2019-07-24T11:30:51","guid":{"rendered":"http:\/\/www.sachkuafor.com\/?page_id=20"},"modified":"2019-07-24T14:30:51","modified_gmt":"2019-07-24T11:30:51","slug":"kuafor-nedir","status":"publish","type":"page","link":"http:\/\/www.sachkuafor.com\/index.php\/kuafor-nedir\/","title":{"rendered":"Kuaf\u00f6r Nedir?"},"content":{"rendered":"\n<h1 class=\"wp-block-heading\">KUAF\u00d6R Nedir?<\/h1>\n\n\n\n<div class=\"wp-block-image\"><figure class=\"alignright\"><a href=\"https:\/\/web.archive.org\/web\/20131007230526\/http:\/\/www.sachkuafor.com\/wp-content\/uploads\/2010\/10\/hairdressing.png\" rel=\"wp-prettyPhoto[20]\"><img decoding=\"async\" src=\"https:\/\/web.archive.org\/web\/20131007230526im_\/http:\/\/www.sachkuafor.com\/wp-content\/uploads\/2010\/10\/hairdressing.png\" alt=\"Kuaf\u00f6r Grav\u00fcr\u00fc M\u0131s\u0131r Kaz\u0131lar\u0131ndan Brooklyn M\u00fczesinde\" class=\"wp-image-65\"\/><\/a><figcaption> Kuaf\u00f6r Grav\u00fcr\u00fc M\u0131s\u0131r Kaz\u0131lar\u0131ndan Brooklyn M\u00fczesinde <\/figcaption><\/figure><\/div>\n\n\n\n<p><strong><em>Kuaf\u00f6r<\/em><\/strong> kelimesinin derinlerine inerek \nKuaf\u00f6r nedir diye soracak olursak akla  ilk gelen \u015fey sa\u00e7 yapan ki\u015fi \ngelecek fakat bu hep b\u00f6ylemiydi? Haydi, Kuaf\u00f6r kelimesinin k\u00f6keninin \nnereden geldi\u011fini birlikte inceleyelim, \u0130lk <strong>Kuaf\u00f6r<\/strong>l\u00fc\u011f\u00fcn\n medeniyetin be\u015fi\u011fi olan Mezopotamya\u2019dan \u00e7\u0131kt\u0131. Yani Karepor \nkelimesinden t\u00fcremi\u015f ya da dilden dile zaman i\u00e7erisinde \u015fekillenmi\u015f. <strong><em>Kuaf\u00f6r<\/em><\/strong> Eski Mezopotamya dili olan Aramice de \u2018Kar\u2019 i\u015f \u2018Karker\u2019 i\u015f\u00e7i \u2018Por\u2019 <strong>sa\u00e7<\/strong> anlam\u0131na geliyor. Karepor ise <strong>sa\u00e7<\/strong>\n i\u015f\u00e7isi anlam\u0131na geliyormu\u015f ve Mezopotamya\u2019n\u0131n do\u011fusuna ve g\u00fcneyine  \n\u00f6zellikle m\u0131s\u0131ra giden zengin t\u00fcccarlar kad\u0131nlar\u0131n g\u00fczelle\u015fme sevdas\u0131n\u0131 \n g\u00f6r\u00fcnce yanlar\u0131nda kareporlar (sa\u00e7 i\u015f\u00e7isi) &nbsp;<strong><em>Kuaf\u00f6r<\/em><\/strong> g\u00f6t\u00fcrm\u00fc\u015fler. M\u0131s\u0131rl\u0131lar\u0131n aras\u0131nda yayg\u0131nla\u015fan Kareporlar (<strong><em>Kuaf\u00f6r)<\/em><\/strong> zamanla saraylara girmi\u015flerdir.<\/p>\n\n\n\n<p>Hatta g\u00fczelli\u011fine d\u00fc\u015fk\u00fcn M\u0131s\u0131r krali\u00e7esi Cleopatra\u2019n\u0131n yan\u0131nda her zaman bir Karepor (<strong><em> Kuaf\u00f6r)<\/em><\/strong> varm\u0131\u015f. &nbsp;Sezar ile birlikte Avrupa ya gelen Kareporlar (<strong><em>Kuaf\u00f6r)<\/em><\/strong>\n zamanla yayg\u0131nla\u015fmaya ba\u015flam\u0131\u015flar. Daha sonra Latincede sakal anlam\u0131na \n gelen Barba kelimesiyle \u00f6zde\u015fle\u015fip Latincede de kullan\u0131lm\u0131\u015ft\u0131r.<\/p>\n\n\n\n<div class=\"wp-block-image\"><figure class=\"alignleft\"><img loading=\"lazy\" decoding=\"async\" width=\"221\" height=\"228\" src=\"http:\/\/www.sachkuafor.com\/wp-content\/uploads\/2019\/07\/Eski-\u00c7a\u011fda-Bir-Kuaf\u00f6r-Sa\u00e7-Yaparken-1.jpg\" alt=\"\" class=\"wp-image-22\"\/><figcaption> Eski \u00c7a\u011fda Bir Kuaf\u00f6r Sa\u00e7 Yaparken <\/figcaption><\/figure><\/div>\n\n\n\n<p><strong><em>Kuaf\u00f6r<\/em><\/strong> Ayn\u0131 zamanda Avrupal\u0131lar\u0131n sa\u00e7 sakal\n kesenler i\u00e7in kulland\u0131\u011f\u0131 Barber  kelimesi yine Aramice kesmek anlam\u0131na \ngelen Bibire den yada Birand\u0131n  geldi\u011fi s\u00f6yleniyor. Hatta Barbar \nkelimesi de kesmekten t\u00fcremi\u015ftir kuaf\u00f6r  ve berberlerin de kesme i\u015fi \nyapmas\u0131 ile \u00f6zde\u015fle\u015ftirilmi\u015ftir. <strong><em>Kuaf\u00f6r<\/em><\/strong> yani  \nKareporlar Avrupal\u0131lar\u0131n di\u011fer deyimiyle berberler sadece sa\u00e7 sakal  \nkesimi de\u011fil, s\u00fcnnet, di\u015f \u00e7ekme, s\u00fcl\u00fck\u00e7\u00fcl\u00fck, kellik ve uyuz, bit  \ntedavisi d\u00f6vmecilik ve halk hekimli\u011fi gibi alanlarda da hizmet  \nveriyorlard\u0131.<strong><em><strong><em><a href=\"https:\/\/web.archive.org\/web\/20131007230526\/http:\/\/www.sachkuafor.com\/wp-content\/uploads\/2010\/10\/Eski-\u00c7a\u011fda-Bir-Kuaf\u00f6r-Sa\u00e7-Yaparken.jpg\"><\/a><\/em><\/strong><\/em><\/strong><\/p>\n\n\n\n<p><strong><em>Kuaf\u00f6r<\/em><\/strong> \u0130lk \u00e7a\u011flarda Mezopotamya da; her a\u015firetin en \u00f6nemli insan\u0131yd\u0131, Kareporlu\u011fun <strong><em>Kuaf\u00f6r<\/em><\/strong>\n l\u00fck yan\u0131nda eczac\u0131l\u0131k din adaml\u0131\u011f\u0131 ve nik\u00e2h k\u0131yma i\u015fleri de yapard\u0131.  \n\u0130lkel insan k\u00f6t\u00fc ruhlar\u0131n v\u00fccuda ba\u015ftaki sa\u00e7lar vas\u0131tas\u0131yla s\u0131zd\u0131\u011f\u0131na  \ninan\u0131rd\u0131. Dolay\u0131s\u0131yla, k\u00f6t\u00fc ruhlar\u0131n kovulmas\u0131 i\u00e7in sa\u00e7lar\u0131n kesilmesi  \ngerekti\u011fine inan\u0131rlard\u0131. Eski M\u0131s\u0131r\u2019da <strong><em>Kuaf\u00f6r<\/em><\/strong> Kareporlar zamanla \u00e7ok sayg\u0131n ve <strong>zengin<\/strong> insand\u0131. Kadim Yunan\u2019da, devlet adamlar\u0131 \u015fairler, filozoflar sa\u00e7, sakal t\u0131ra\u015f\u0131 i\u00e7in Karepo yani <strong><em>Kuaf\u00f6r<\/em><\/strong> d\u00fckk\u00e2nlar\u0131n\u0131 doldururdu. Roma\u2019da asil han\u0131mlar\u0131n emrindeki esirler aras\u0131nda mutlaka bir Karepor (<strong><em>Kuaf\u00f6r<\/em><\/strong> berber) bulunurdu. \u0130mparator Sezar\u2019\u0131n her g\u00fcn sinekkayd\u0131 t\u0131ra\u015f oldu\u011funu biliyoruz. Eskiden bu yana <strong>berber<\/strong> ler ve <strong><em>Kuaf\u00f6rler<\/em><\/strong>, operat\u00f6r doktorluk, eczac\u0131l\u0131k ve di\u015f hekimli\u011fi g\u00f6revlerini \u00fcstlendiler.<\/p>\n\n\n\n<p>17. asra kadar ameliyat yapmak <strong><em>Kuaf\u00f6r<\/em><\/strong> ve \nBerberlerin g\u00f6revleri aras\u0131ndayd\u0131. \u00dcstelik v\u00fccuttan kan ald\u0131rmak  \nas\u0131rlarca hastal\u0131klar\u0131n tedavisinde en etkili y\u00f6ntemi olarak g\u00f6r\u00fcld\u00fc ve \n bu da <strong><em>Kuaf\u00f6r<\/em><\/strong> ve <strong>Berber<\/strong>\u2019lerin i\u015fiydi. Zamanla Karepor kelimesi <strong>Couffiure<\/strong> ye d\u00f6nm\u00fc\u015f. T\u00fcrk\u00e7e yede Frans\u0131zcadan <strong><em>Kuaf\u00f6r<\/em><\/strong> olarak ge\u00e7mi\u015ftir<\/p>\n","protected":false},"excerpt":{"rendered":"<p>KUAF\u00d6R Nedir? Kuaf\u00f6r kelimesinin derinlerine inerek Kuaf\u00f6r nedir diye soracak olursak akla ilk gelen \u015fey sa\u00e7 yapan ki\u015fi gelecek fakat bu hep b\u00f6ylemiydi? Haydi, Kuaf\u00f6r kelimesinin k\u00f6keninin nereden geldi\u011fini birlikte inceleyelim, \u0130lk Kuaf\u00f6rl\u00fc\u011f\u00fcn medeniyetin be\u015fi\u011fi olan Mezopotamya\u2019dan \u00e7\u0131kt\u0131. Yani Karepor kelimesinden t\u00fcremi\u015f ya da dilden dile zaman<\/p>\n","protected":false},"author":1,"featured_media":0,"parent":0,"menu_order":0,"comment_status":"closed","ping_status":"closed","template":"","meta":{"footnotes":""},"tags":[],"class_list":["post-20","page","type-page","status-publish","hentry"],"aioseo_notices":[],"_links":{"self":[{"href":"http:\/\/www.sachkuafor.com\/index.php\/wp-json\/wp\/v2\/pages\/20","targetHints":{"allow":["GET"]}}],"collection":[{"href":"http:\/\/www.sachkuafor.com\/index.php\/wp-json\/wp\/v2\/pages"}],"about":[{"href":"http:\/\/www.sachkuafor.com\/index.php\/wp-json\/wp\/v2\/types\/page"}],"author":[{"embeddable":true,"href":"http:\/\/www.sachkuafor.com\/index.php\/wp-json\/wp\/v2\/users\/1"}],"replies":[{"embeddable":true,"href":"http:\/\/www.sachkuafor.com\/index.php\/wp-json\/wp\/v2\/comments?post=20"}],"version-history":[{"count":1,"href":"http:\/\/www.sachkuafor.com\/index.php\/wp-json\/wp\/v2\/pages\/20\/revisions"}],"predecessor-version":[{"id":24,"href":"http:\/\/www.sachkuafor.com\/index.php\/wp-json\/wp\/v2\/pages\/20\/revisions\/24"}],"wp:attachment":[{"href":"http:\/\/www.sachkuafor.com\/index.php\/wp-json\/wp\/v2\/media?parent=20"}],"wp:term":[{"taxonomy":"post_tag","embeddable":true,"href":"http:\/\/www.sachkuafor.com\/index.php\/wp-json\/wp\/v2\/tags?post=20"}],"curies":[{"name":"wp","href":"https:\/\/api.w.org\/{rel}","templated":true}]}}