{"id":28,"date":"2019-07-24T14:38:38","date_gmt":"2019-07-24T11:38:38","guid":{"rendered":"http:\/\/www.sachkuafor.com\/?page_id=28"},"modified":"2019-07-24T14:38:38","modified_gmt":"2019-07-24T11:38:38","slug":"makyaj","status":"publish","type":"page","link":"http:\/\/www.sachkuafor.com\/index.php\/makyaj\/","title":{"rendered":"Makyaj"},"content":{"rendered":"\n<div class=\"wp-block-image\"><figure class=\"aligncenter\"><img decoding=\"async\" src=\"https:\/\/web.archive.org\/web\/20190411104123im_\/http:\/\/www.sachkuafor.com\/wp-content\/uploads\/2013\/08\/Profesyonel-Maky\u00f6z.jpg\" alt=\"Profesyonel Maky\u00f6z\"\/><\/figure><\/div>\n\n\n\n<h2 class=\"wp-block-heading\">Makyaj Yapmay\u0131 \u00d6\u011frenin<\/h2>\n\n\n\n<h2 class=\"wp-block-heading\">Makyaj Yapmay\u0131 \u00d6\u011frenmek<\/h2>\n\n\n\n<p>Evet Maky\u00f6z Nurg\u00fcl Koluk\u0131r\u0131k T\u00fcrk kad\u0131nlar\u0131n\u0131n g\u00fczelliklerine g\u00fczellik katmaya devam ediyor.<\/p>\n\n\n\n<ul class=\"wp-block-list\"><li>Makyaj hakk\u0131nda \u00e7ok fazla bilginiz yoksa<\/li><li>Yapt\u0131\u011f\u0131n\u0131z makyaj bir Rimel bir All\u0131k dan \u00f6teye ge\u00e7miyorsa<\/li><li>Kim Kardashian \u0131n makyaj\u0131n\u0131 be\u011feniyor ve bu De\u011fi\u015fimi Nas\u0131l yakalad\u0131\u011f\u0131n\u0131 merak ediyorsan\u0131z<\/li><\/ul>\n\n\n\n<p>Siz de Buyrun.<\/p>\n\n\n\n<p>\u00dccretsiz makyaj stil Dan\u0131\u015fman\u0131 Nurg\u00fcl Koluk\u0131r\u0131k a yorum b\u0131rak\u0131n yan\u0131tlas\u0131n.<br>\nHer i\u015f de uzman\u0131na Sor makta fayda vard\u0131.<\/p>\n\n\n\n<p style=\"text-align:center\">Nurg\u00fcl Koluk\u0131r\u0131k Sosyal Medya Ara\u00e7lar\u0131<\/p>\n\n\n\n<ul class=\"wp-block-list\"><li>Web site :\u00a0\u00a0\u00a0\u00a0\u00a0\u00a0\u00a0\u00a0\u00a0\u00a0\u00a0\u00a0\u00a0\u00a0\u00a0\u00a0\u00a0\u00a0\u00a0 \u00a0 http:\/\/nurgulkolukirik.com\/<\/li><li>facebook\u00a0\u00a0\u00a0\u00a0\u00a0\u00a0\u00a0\u00a0\u00a0\u00a0\u00a0\u00a0\u00a0\u00a0\u00a0\u00a0\u00a0\u00a0 \u00a0 \u00a0 https:\/\/www.facebook.com\/NURGULKOLUKIRIKMAKYOZ<\/li><li>Be\u011fen sayfam\u0131z\u00a0\u00a0\u00a0\u00a0\u00a0\u00a0\u00a0\u00a0\u00a0 https:\/\/www.facebook.com\/Makyaj.me<\/li><li>instagram\u00a0\u00a0\u00a0\u00a0\u00a0\u00a0\u00a0\u00a0\u00a0\u00a0\u00a0\u00a0\u00a0\u00a0\u00a0\u00a0\u00a0\u00a0\u00a0\u00a0 http:\/\/instagram.com\/makyoznurgulkolukirik#<\/li><li>youtube videolar\u00a0\u00a0\u00a0\u00a0\u00a0 http:\/\/www.youtube.com\/user\/nurgulkolukirik\/videos<\/li><\/ul>\n\n\n\n<p style=\"text-align:right\">Makyaj E\u011fitmeni Nurg\u00fcl KOLUKIRIK<\/p>\n","protected":false},"excerpt":{"rendered":"<p>Makyaj Yapmay\u0131 \u00d6\u011frenin Makyaj Yapmay\u0131 \u00d6\u011frenmek Evet Maky\u00f6z Nurg\u00fcl Koluk\u0131r\u0131k T\u00fcrk kad\u0131nlar\u0131n\u0131n g\u00fczelliklerine g\u00fczellik katmaya devam ediyor. Makyaj hakk\u0131nda \u00e7ok fazla bilginiz yoksa Yapt\u0131\u011f\u0131n\u0131z makyaj bir Rimel bir All\u0131k dan \u00f6teye ge\u00e7miyorsa Kim Kardashian \u0131n makyaj\u0131n\u0131 be\u011feniyor ve bu De\u011fi\u015fimi Nas\u0131l yakalad\u0131\u011f\u0131n\u0131 merak ediyorsan\u0131z Siz de Buyrun.<\/p>\n","protected":false},"author":1,"featured_media":0,"parent":0,"menu_order":0,"comment_status":"closed","ping_status":"closed","template":"","meta":{"footnotes":""},"tags":[],"class_list":["post-28","page","type-page","status-publish","hentry"],"aioseo_notices":[],"_links":{"self":[{"href":"http:\/\/www.sachkuafor.com\/index.php\/wp-json\/wp\/v2\/pages\/28","targetHints":{"allow":["GET"]}}],"collection":[{"href":"http:\/\/www.sachkuafor.com\/index.php\/wp-json\/wp\/v2\/pages"}],"about":[{"href":"http:\/\/www.sachkuafor.com\/index.php\/wp-json\/wp\/v2\/types\/page"}],"author":[{"embeddable":true,"href":"http:\/\/www.sachkuafor.com\/index.php\/wp-json\/wp\/v2\/users\/1"}],"replies":[{"embeddable":true,"href":"http:\/\/www.sachkuafor.com\/index.php\/wp-json\/wp\/v2\/comments?post=28"}],"version-history":[{"count":1,"href":"http:\/\/www.sachkuafor.com\/index.php\/wp-json\/wp\/v2\/pages\/28\/revisions"}],"predecessor-version":[{"id":30,"href":"http:\/\/www.sachkuafor.com\/index.php\/wp-json\/wp\/v2\/pages\/28\/revisions\/30"}],"wp:attachment":[{"href":"http:\/\/www.sachkuafor.com\/index.php\/wp-json\/wp\/v2\/media?parent=28"}],"wp:term":[{"taxonomy":"post_tag","embeddable":true,"href":"http:\/\/www.sachkuafor.com\/index.php\/wp-json\/wp\/v2\/tags?post=28"}],"curies":[{"name":"wp","href":"https:\/\/api.w.org\/{rel}","templated":true}]}}