{"id":31,"date":"2019-07-24T14:43:50","date_gmt":"2019-07-24T11:43:50","guid":{"rendered":"http:\/\/www.sachkuafor.com\/?page_id=31"},"modified":"2019-07-24T14:43:50","modified_gmt":"2019-07-24T11:43:50","slug":"protez-kirpik","status":"publish","type":"page","link":"http:\/\/www.sachkuafor.com\/index.php\/protez-kirpik\/","title":{"rendered":"Protez Kirpik"},"content":{"rendered":"\n<h3 class=\"wp-block-heading\">\u0130pek Kirpik<\/h3>\n\n\n\n<div class=\"wp-block-image\"><figure class=\"aligncenter\"><a href=\"https:\/\/web.archive.org\/web\/20190411054349\/http:\/\/www.sachkuafor.com\/wp-content\/uploads\/2011\/03\/kirpik-15.jpg\" rel=\"wp-prettyPhoto[31]\"><img decoding=\"async\" src=\"https:\/\/web.archive.org\/web\/20190411054349im_\/http:\/\/www.sachkuafor.com\/wp-content\/uploads\/2011\/03\/kirpik-15.jpg\" alt=\"Protez Kirpik\" class=\"wp-image-711\"\/><\/a><figcaption>Protez Kirpik<\/figcaption><\/figure><\/div>\n\n\n\n<div class=\"wp-block-image\"><figure class=\"aligncenter\"><a href=\"https:\/\/web.archive.org\/web\/20190411054349\/http:\/\/www.sachkuafor.com\/wp-content\/uploads\/2011\/03\/kirpik-18.jpg\" rel=\"wp-prettyPhoto[31]\"><img decoding=\"async\" src=\"https:\/\/web.archive.org\/web\/20190411054349im_\/http:\/\/www.sachkuafor.com\/wp-content\/uploads\/2011\/03\/kirpik-18-150x150.jpg\" alt=\"Protez Kirpik\" class=\"wp-image-712\"\/><\/a><figcaption>Protez Kirpik<\/figcaption><\/figure><\/div>\n\n\n\n<p>Protez Kirpik son zamanlar\u0131n yeni trendi. Kirpikleriniz seyrek yada \nestetik a\u00e7\u0131dan istedi\u011finiz gibi de\u011filse protez kirpik di\u011fer ad\u0131yla ipek \nkirpik sizin i\u00e7in b\u00fcy\u00fck bir f\u0131rsat.<\/p>\n\n\n\n<p>Kaynak kirpikler g\u00f6zdeki deformasyonu gizler ve sizi daha gen\u00e7 daha \ncanl\u0131 bak\u0131\u015flara kavu\u015fturur. E\u011fer siz de s\u00fcrekli takma kirpiklerden \nb\u0131kt\u0131ysan\u0131z ve kal\u0131c\u0131 bir \u00e7\u00f6z\u00fcm ar\u0131yorsan\u0131z protez kirpik ( kirpik \nkayna\u011f\u0131 )tam sizin i\u00e7in.<\/p>\n\n\n\n<p>Maky\u00f6z Nurg\u00fcl Koluk\u0131r\u0131k olarak \u00f6nerimdir.<\/p>\n\n\n\n<h2 class=\"wp-block-heading\">Protez Kirpik Nas\u0131l \u00c7\u0131kar\u0131l\u0131r<\/h2>\n\n\n\n<div class=\"wp-block-image\"><figure class=\"aligncenter\"><a href=\"https:\/\/web.archive.org\/web\/20190411054349\/http:\/\/www.sachkuafor.com\/wp-content\/uploads\/2011\/03\/kirpik-4.jpg\" rel=\"wp-prettyPhoto[31]\"><img decoding=\"async\" src=\"https:\/\/web.archive.org\/web\/20190411054349im_\/http:\/\/www.sachkuafor.com\/wp-content\/uploads\/2011\/03\/kirpik-4-150x150.jpg\" alt=\"Protez Kirpik\" class=\"wp-image-713\"\/><\/a><figcaption>Protez Kirpik<\/figcaption><\/figure><\/div>\n\n\n\n<p>Protez kirpiklerinizi \u00e7\u0131karmak istedi\u011finiz takdirde sadece bunu \nbelirtmeniz yeterli. Uzman ki\u015fi taraf\u0131ndan \u00f6zel \u00e7\u0131kart\u0131c\u0131 sol\u00fcsyonu ile \nhemen \u00e7\u0131kar ve eski kirpiklerinize geri d\u00f6nersiniz.<\/p>\n\n\n\n<h2 class=\"wp-block-heading\">Protez Kirpik Fiyatlar\u0131<\/h2>\n\n\n\n<p>Tekli \u0130pek Kirpik\u00a0\u00a0\u00a0\u00a0\u00a0 : 114 TL<\/p>\n\n\n\n<p>Mink- Vizon Kirpik\u00a0\u00a0 : 150 TL<\/p>\n\n\n\n<h3 class=\"wp-block-heading\"><strong>0532 301 8690 ( L\u00fctfen randevu al\u0131n\u0131z ) <\/strong><\/h3>\n\n\n\n<p>Sadece bu numaradan ula\u015fabilirsiniz.<\/p>\n\n\n\n<div class=\"wp-block-image\"><figure class=\"aligncenter\"><a href=\"https:\/\/web.archive.org\/web\/20190411054349\/http:\/\/www.sachkuafor.com\/wp-content\/uploads\/2011\/03\/gelin-goz-makyaji-2011-22.jpg\" rel=\"wp-prettyPhoto[31]\"><img decoding=\"async\" src=\"https:\/\/web.archive.org\/web\/20190411054349im_\/http:\/\/www.sachkuafor.com\/wp-content\/uploads\/2011\/03\/gelin-goz-makyaji-2011-22-300x225.jpg\" alt=\"Maky\u00f6z Nurg\u00fcl Koluk\u0131r\u0131k\" class=\"wp-image-899\"\/><\/a><figcaption>Maky\u00f6z Nurg\u00fcl Koluk\u0131r\u0131k<\/figcaption><\/figure><\/div>\n\n\n\n<h2 class=\"wp-block-heading\">Protez Kirpik \u00d6rnekleri<\/h2>\n\n\n\n<div class=\"wp-block-image\"><figure class=\"aligncenter\"><a href=\"https:\/\/web.archive.org\/web\/20190411054349\/http:\/\/www.sachkuafor.com\/wp-content\/uploads\/2011\/03\/eyelashes-1.jpg\" rel=\"wp-prettyPhoto[31]\"><img decoding=\"async\" src=\"https:\/\/web.archive.org\/web\/20190411054349im_\/http:\/\/www.sachkuafor.com\/wp-content\/uploads\/2011\/03\/eyelashes-1.jpg\" alt=\"Protez Kirpik Uygulamas\u0131\" class=\"wp-image-714\"\/><\/a><figcaption>Protez Kirpik Uygulamas\u0131<\/figcaption><\/figure><\/div>\n\n\n\n<div class=\"wp-block-image\"><figure class=\"aligncenter\"><a href=\"https:\/\/web.archive.org\/web\/20190411054349\/http:\/\/www.sachkuafor.com\/wp-content\/uploads\/2011\/03\/kirpik-12.jpg\" rel=\"wp-prettyPhoto[31]\"><img decoding=\"async\" src=\"https:\/\/web.archive.org\/web\/20190411054349im_\/http:\/\/www.sachkuafor.com\/wp-content\/uploads\/2011\/03\/kirpik-12-300x105.jpg\" alt=\"Protez Kirpik Uygulamas\u0131\" class=\"wp-image-715\"\/><\/a><figcaption>Protez Kirpik Uygulamas\u0131<\/figcaption><\/figure><\/div>\n\n\n\n<div class=\"wp-block-image\"><figure class=\"aligncenter\"><a href=\"https:\/\/web.archive.org\/web\/20190411054349\/http:\/\/www.sachkuafor.com\/wp-content\/uploads\/2011\/03\/Protez-Kirpik-2.jpg\" rel=\"wp-prettyPhoto[31]\"><img decoding=\"async\" src=\"https:\/\/web.archive.org\/web\/20190411054349im_\/http:\/\/www.sachkuafor.com\/wp-content\/uploads\/2011\/03\/Protez-Kirpik-2-300x225.jpg\" alt=\"Protez Kirpik \" class=\"wp-image-961\"\/><\/a><figcaption>Protez Kirpik<\/figcaption><\/figure><\/div>\n\n\n\n<div class=\"wp-block-image\"><figure class=\"aligncenter\"><a href=\"https:\/\/web.archive.org\/web\/20190411054349\/http:\/\/www.sachkuafor.com\/wp-content\/uploads\/2011\/03\/Protez-Kirpik-11.jpg\" rel=\"wp-prettyPhoto[31]\"><img decoding=\"async\" src=\"https:\/\/web.archive.org\/web\/20190411054349im_\/http:\/\/www.sachkuafor.com\/wp-content\/uploads\/2011\/03\/Protez-Kirpik-11-300x225.jpg\" alt=\"Protez Kirpik \" class=\"wp-image-962\"\/><\/a><figcaption>Protez Kirpik<\/figcaption><\/figure><\/div>\n\n\n\n<h2 class=\"wp-block-heading\">\u0130pek Kirpi\u011fin&nbsp; Zararlar\u0131<\/h2>\n\n\n\n<p>Kirpik kayna\u011f\u0131n\u0131n yada di\u011fer ad\u0131yla protez kirpi\u011fin herhangi bir \nzarar\u0131 yoktur. Genelde kirpikleri d\u00f6k\u00fcyor diye bilini. Evet e\u011fer do\u011fru \nki\u015filere do\u011fru yerde yapt\u0131rmazsan\u0131z zarar\u0131 olabilir. Bir defa gitti\u011finiz\n yerin steril olmas\u0131 \u00e7ok \u00f6nemli. G\u00fczelli\u011finize de\u011fer verirken \nsa\u011fl\u0131n\u0131zdan olmay\u0131n.<\/p>\n\n\n\n<p>Ayr\u0131ca do\u011fru yerde yapt\u0131r\u0131rsan\u0131z Rimel s\u00fcrmeden g\u00f6zleriniz s\u00fcrekli \nmakyajl\u0131 gibi g\u00f6r\u00fcn\u00fcr i\u015fte o zaman yapt\u0131\u011f\u0131n\u0131z i\u015ften memnun kal\u0131rs\u0131n\u0131z.<\/p>\n\n\n\n<div class=\"wp-block-image\"><figure class=\"aligncenter\"><a href=\"https:\/\/web.archive.org\/web\/20190411054349\/http:\/\/www.sachkuafor.com\/wp-content\/uploads\/2011\/03\/Protez-Kirpik-1.jpg\" rel=\"wp-prettyPhoto[31]\"><img decoding=\"async\" src=\"https:\/\/web.archive.org\/web\/20190411054349im_\/http:\/\/www.sachkuafor.com\/wp-content\/uploads\/2011\/03\/Protez-Kirpik-1-200x300.jpg\" alt=\"Protez Kirpik\" class=\"wp-image-900\"\/><\/a><figcaption>Protez Kirpik<\/figcaption><\/figure><\/div>\n\n\n\n<div class=\"wp-block-image\"><figure class=\"alignleft\"><a href=\"https:\/\/web.archive.org\/web\/20190411054349\/http:\/\/www.sachkuafor.com\/wp-content\/uploads\/2011\/03\/uzun-kirpikler.jpg\" rel=\"wp-prettyPhoto[31]\"><img decoding=\"async\" src=\"https:\/\/web.archive.org\/web\/20190411054349im_\/http:\/\/www.sachkuafor.com\/wp-content\/uploads\/2011\/03\/uzun-kirpikler-200x300.jpg\" alt=\"uzun kirpikler\" class=\"wp-image-753\"\/><\/a><figcaption>\u0130pek Kirpik<\/figcaption><\/figure><\/div>\n\n\n\n<p><em><strong>Protez Kirpik, \u0130pek Kirpik ve 3D \u0130pek kirpik E\u011fitimi<\/strong><\/em><\/p>\n\n\n\n<p>T\u00fcrkiye de olan Normal kirpik ekleme \u015fekli olan<em><strong> \u0130pek Kirpik<\/strong><\/em>&nbsp; ve Avrupa da \u00f6\u011frenmi\u015f oldu\u011fum 3D Sistem <em><strong>Protez Kirpik E\u011fitimi<\/strong><\/em> alabilirsiniz. Bu sayede kirpik s\u0131k\u0131nt\u0131s\u0131 olan bir \u00e7ok m\u00fc\u015fterinize cevap vermi\u015f olacaks\u0131n\u0131z.<br>\n<em><strong>\u0130pek Kirpik E\u011fitimi<\/strong><\/em> sonras\u0131 kurs ald\u0131\u011f\u0131n\u0131za dair bir sertifikan\u0131z olacak.<br>\nE\u011fer isterseniz<em><strong> \u0130pek Kirpik Seti<\/strong><\/em> ni kursumuzdan temin edebilirsiniz.<\/p>\n\n\n\n<p><em><strong>Protez Kirpik Kursu Fiyatlar\u0131<\/strong><\/em><\/p>\n\n\n\n<p>\u0130pek kursu E\u011fitimi 1 hafta boyunca ( 8 Saat 1.g\u00fcn 4 saat 2.g\u00fcn 4 Saat )&nbsp; 200 Tl<\/p>\n\n\n\n<p>Detayl\u0131 Bilgi i\u00e7in aray\u0131n\u0131z : Nurg\u00fcl Koluk\u0131r\u0131k 0532 301 8690<\/p>\n\n\n\n<p><em><strong>Protez Kirpik uygularken kulland\u0131\u011f\u0131m Protez Kirpik Malzemeleri<\/strong><\/em><\/p>\n\n\n\n<div class=\"wp-block-image\"><figure class=\"aligncenter\"><a href=\"https:\/\/web.archive.org\/web\/20190411054349\/http:\/\/www.sachkuafor.com\/wp-content\/uploads\/2011\/03\/protez-kirpik.jpg\" rel=\"wp-prettyPhoto[31]\"><img decoding=\"async\" src=\"https:\/\/web.archive.org\/web\/20190411054349im_\/http:\/\/www.sachkuafor.com\/wp-content\/uploads\/2011\/03\/protez-kirpik-225x300.jpg\" alt=\"Kirpik Ekleme\" class=\"wp-image-762\"\/><\/a><figcaption>Protez Kirpik<\/figcaption><\/figure><\/div>\n\n\n\n<div class=\"wp-block-image\"><figure class=\"aligncenter\"><a href=\"https:\/\/web.archive.org\/web\/20190411054349\/http:\/\/www.youtube.com\/watch?v=gbFEA-xzUMc\"><img decoding=\"async\" src=\"https:\/\/web.archive.org\/web\/20190411054349im_\/http:\/\/img.youtube.com\/vi\/gbFEA-xzUMc\/0.jpg\" alt=\"YouTube Preview Image\"\/><\/a><\/figure><\/div>\n","protected":false},"excerpt":{"rendered":"<p>\u0130pek Kirpik Protez Kirpik son zamanlar\u0131n yeni trendi. Kirpikleriniz seyrek yada estetik a\u00e7\u0131dan istedi\u011finiz gibi de\u011filse protez kirpik di\u011fer ad\u0131yla ipek kirpik sizin i\u00e7in b\u00fcy\u00fck bir f\u0131rsat. Kaynak kirpikler g\u00f6zdeki deformasyonu gizler ve sizi daha gen\u00e7 daha canl\u0131 bak\u0131\u015flara kavu\u015fturur. E\u011fer siz de s\u00fcrekli takma kirpiklerden b\u0131kt\u0131ysan\u0131z<\/p>\n","protected":false},"author":1,"featured_media":0,"parent":0,"menu_order":0,"comment_status":"closed","ping_status":"closed","template":"","meta":{"footnotes":""},"tags":[],"class_list":["post-31","page","type-page","status-publish","hentry"],"aioseo_notices":[],"_links":{"self":[{"href":"http:\/\/www.sachkuafor.com\/index.php\/wp-json\/wp\/v2\/pages\/31","targetHints":{"allow":["GET"]}}],"collection":[{"href":"http:\/\/www.sachkuafor.com\/index.php\/wp-json\/wp\/v2\/pages"}],"about":[{"href":"http:\/\/www.sachkuafor.com\/index.php\/wp-json\/wp\/v2\/types\/page"}],"author":[{"embeddable":true,"href":"http:\/\/www.sachkuafor.com\/index.php\/wp-json\/wp\/v2\/users\/1"}],"replies":[{"embeddable":true,"href":"http:\/\/www.sachkuafor.com\/index.php\/wp-json\/wp\/v2\/comments?post=31"}],"version-history":[{"count":1,"href":"http:\/\/www.sachkuafor.com\/index.php\/wp-json\/wp\/v2\/pages\/31\/revisions"}],"predecessor-version":[{"id":33,"href":"http:\/\/www.sachkuafor.com\/index.php\/wp-json\/wp\/v2\/pages\/31\/revisions\/33"}],"wp:attachment":[{"href":"http:\/\/www.sachkuafor.com\/index.php\/wp-json\/wp\/v2\/media?parent=31"}],"wp:term":[{"taxonomy":"post_tag","embeddable":true,"href":"http:\/\/www.sachkuafor.com\/index.php\/wp-json\/wp\/v2\/tags?post=31"}],"curies":[{"name":"wp","href":"https:\/\/api.w.org\/{rel}","templated":true}]}}