{"id":39,"date":"2019-07-24T14:52:26","date_gmt":"2019-07-24T11:52:26","guid":{"rendered":"http:\/\/www.sachkuafor.com\/?page_id=39"},"modified":"2023-10-17T01:36:43","modified_gmt":"2023-10-16T22:36:43","slug":"iletisim","status":"publish","type":"page","link":"http:\/\/www.sachkuafor.com\/index.php\/iletisim\/","title":{"rendered":"\u0130leti\u015fim"},"content":{"rendered":"\n<h1 class=\"wp-block-heading\">Sach <strong>\u00ae <\/strong>Mikro Sa\u00e7 Kaynak Merkezi Adres.<\/h1>\n\n\n<div class=\"wp-block-image\">\n<figure class=\"aligncenter\"><a href=\"http:\/\/sackaynak.com.tr\/wp-content\/uploads\/2014\/11\/sach.jpg\" rel=\"wp-prettyPhoto[39]\"><img decoding=\"async\" src=\"http:\/\/sackaynak.com.tr\/wp-content\/uploads\/2014\/11\/sach-300x200.jpg\" alt=\"sach\" class=\"wp-image-11005\"\/><\/a><\/figure><\/div>\n\n\n<figure><iframe loading=\"lazy\" src=\"https:\/\/www.google.com\/maps\/embed?pb=!1m14!1m8!1m3!1d1505.9174643436645!2d28.7957697!3d40.9850953!3m2!1i1024!2i768!4f13.1!3m3!1m2!1s0x0%3A0x3ca5197afc9a675f!2sSACH+SA%C3%87+KAYNAK+MERKEZ%C4%B0!5e0!3m2!1str!2s!4v1425428846409\" width=\"600\" height=\"450\"><\/iframe><\/figure>\n\n\n\n<p><strong>SACH &amp; VOGUE HAIR ISTANBUL OFFICE &amp; SHOWROOM<\/strong><\/p>\n\n\n\n<p><strong>\u015eenlikk\u00f6y Mah. \u00dcniversite Sok. No: 5, Florya, 34153 , \u0130stanbul , T\u00fcrkiye<\/strong><\/p>\n\n\n\n<p><strong>Telefon &amp; WhatsApp +90 532 592 88 42<\/strong><\/p>\n\n\n\n<p><strong>Telefon 0 (212) 542 45 85<\/strong><\/p>\n\n\n\n<p><strong> <\/strong><\/p>\n","protected":false},"excerpt":{"rendered":"<p>Sach \u00ae Mikro Sa\u00e7 Kaynak Merkezi Adres. SACH &amp; VOGUE HAIR ISTANBUL OFFICE &amp; SHOWROOM \u015eenlikk\u00f6y Mah. \u00dcniversite Sok. No: 5, Florya, 34153 , \u0130stanbul , T\u00fcrkiye Telefon &amp; WhatsApp +90 532 592 88 42 Telefon 0 (212) 542 45 85<\/p>\n","protected":false},"author":1,"featured_media":0,"parent":0,"menu_order":0,"comment_status":"closed","ping_status":"closed","template":"page-Contact.php","meta":{"footnotes":""},"tags":[19,20,5],"class_list":["post-39","page","type-page","status-publish","hentry","tag-iletisim","tag-sac-kaynak-iletisim","tag-sac-kaynak-merkezi"],"aioseo_notices":[],"_links":{"self":[{"href":"http:\/\/www.sachkuafor.com\/index.php\/wp-json\/wp\/v2\/pages\/39","targetHints":{"allow":["GET"]}}],"collection":[{"href":"http:\/\/www.sachkuafor.com\/index.php\/wp-json\/wp\/v2\/pages"}],"about":[{"href":"http:\/\/www.sachkuafor.com\/index.php\/wp-json\/wp\/v2\/types\/page"}],"author":[{"embeddable":true,"href":"http:\/\/www.sachkuafor.com\/index.php\/wp-json\/wp\/v2\/users\/1"}],"replies":[{"embeddable":true,"href":"http:\/\/www.sachkuafor.com\/index.php\/wp-json\/wp\/v2\/comments?post=39"}],"version-history":[{"count":5,"href":"http:\/\/www.sachkuafor.com\/index.php\/wp-json\/wp\/v2\/pages\/39\/revisions"}],"predecessor-version":[{"id":113,"href":"http:\/\/www.sachkuafor.com\/index.php\/wp-json\/wp\/v2\/pages\/39\/revisions\/113"}],"wp:attachment":[{"href":"http:\/\/www.sachkuafor.com\/index.php\/wp-json\/wp\/v2\/media?parent=39"}],"wp:term":[{"taxonomy":"post_tag","embeddable":true,"href":"http:\/\/www.sachkuafor.com\/index.php\/wp-json\/wp\/v2\/tags?post=39"}],"curies":[{"name":"wp","href":"https:\/\/api.w.org\/{rel}","templated":true}]}}